{"id":3,"date":"2025-01-28T12:41:17","date_gmt":"2025-01-28T12:41:17","guid":{"rendered":"https:\/\/uniquemadeira.pt\/?page_id=3"},"modified":"2025-03-25T15:25:10","modified_gmt":"2025-03-25T15:25:10","slug":"privacidade","status":"publish","type":"page","link":"https:\/\/uniquemadeira.pt\/en\/privacidade\/","title":{"rendered":"Privacy Statement"},"content":{"rendered":"<div data-elementor-type=\"wp-page\" data-elementor-id=\"3\" class=\"elementor elementor-3\">\n\t\t\t\t<div class=\"elementor-element elementor-element-7200da9 e-flex e-con-boxed e-con e-parent\" data-id=\"7200da9\" data-element_type=\"container\" data-e-type=\"container\">\n\t\t\t\t\t<div class=\"e-con-inner\">\n\t\t\t\t<div class=\"elementor-element elementor-element-85707de elementor-widget elementor-widget-spacer\" data-id=\"85707de\" data-element_type=\"widget\" data-e-type=\"widget\" data-widget_type=\"spacer.default\">\n\t\t\t\t<div class=\"elementor-widget-container\">\n\t\t\t\t\t\t\t<div class=\"elementor-spacer\">\n\t\t\t<div class=\"elementor-spacer-inner\"><\/div>\n\t\t<\/div>\n\t\t\t\t\t\t<\/div>\n\t\t\t\t<\/div>\n\t\t\t\t\t<\/div>\n\t\t\t\t<\/div>\n\t\t<div class=\"elementor-element elementor-element-174ec485 e-flex e-con-boxed e-con e-parent\" data-id=\"174ec485\" data-element_type=\"container\" data-e-type=\"container\">\n\t\t\t\t\t<div class=\"e-con-inner\">\n\t\t\t\t<div class=\"elementor-element elementor-element-39657005 elementor-widget elementor-widget-text-editor\" data-id=\"39657005\" data-element_type=\"widget\" data-e-type=\"widget\" data-widget_type=\"text-editor.default\">\n\t\t\t\t<div class=\"elementor-widget-container\">\n\t\t\t\t\t\t\t\t\t\n<p>Your privacy is important to us. It is Unique Properties Madeira's policy to respect your privacy regarding any information collected on the website\u00a0<a href=\"https:\/\/uniquemadeira.pt\/en\/\">Unique Properties Madeira<\/a>, and other websites we own and operate.<\/p>\n\n<p>We only ask for personal information when we truly need it to provide a service to you. We collect it by fair and lawful means, with your knowledge and consent. We also let you know why we're requesting and collecting it and how it will be used.<\/p>\n\n<p>We only retain collected information for as long as necessary to provide the requested service and as defined by law. When we store data, it is protected by commercially acceptable technical means to prevent loss and theft, as well as unauthorized access, disclosure, copying, use, or modification.<\/p>\n\n<p>We do not share personally identifiable information publicly or with third-parties, except when required to by law.<\/p>\n\n<p>Our website may contain links to external sites that are not operated by us. Please be aware that we have no control over the content and practices of these sites, and cannot accept responsibility or liability for their respective privacy policies.<\/p>\n\n<p>You may refuse our request to collect personal information, understanding that we may not be able to respond to or follow up on your contact or request.<\/p>\n\n<p>Your continued use of this website will be considered acceptance of our privacy and personal information practices. If you have any questions about how we handle user data and personal information, <a href=\"mailto:online@uniquemadeira.pt\">contact us<\/a>.<\/p>\n\n<h4 class=\"wp-block-heading\">User Commitment<\/h4>\n\n<p>The user undertakes to make appropriate use of the content and information that Unique Properties Madeira makes available on the website and, by way of example but not limited to:<\/p>\n\n<ul class=\"wp-block-list\">\n<li>A) Not to engage in activities that are illegal or contrary to good faith and public order;<\/li>\n\n<li>B) Do not disseminate propaganda or content of a racist, xenophobic or unlucky nature, any type of illegal pornography, supporting terrorism or against human rights;<\/li>\n\n<li>C) Not to cause damage to the physical (hardware) and logical (software) systems of Unique Properties Madeira, its suppliers or third parties, to introduce or disseminate computer viruses or any other hardware or software systems that are capable of causing the aforementioned damage.<\/li>\n<\/ul>\n\n<p>This Privacy Policy was revised on: March 23, 2025 at 11:45 PM<\/p>\n\t\t\t\t\t\t\t\t<\/div>\n\t\t\t\t<\/div>\n\t\t\t\t\t<\/div>\n\t\t\t\t<\/div>\n\t\t\t\t<\/div>","protected":false},"excerpt":{"rendered":"<p>A sua privacidade \u00e9 importante para n\u00f3s. \u00c9 pol\u00edtica da Unique Properties Madeira respeitar a sua privacidade em rela\u00e7\u00e3o a qualquer informa\u00e7\u00e3o que seja recolhida no site\u00a0Unique Properties Madeira, e outros sites que possu\u00edmos e operamos. Solicitamos informa\u00e7\u00f5es pessoais apenas quando realmente precisamos das mesmas para lhe fornecer um servi\u00e7o. Fazemo-lo por meios justos e [&hellip;]<\/p>\n","protected":false},"author":22,"featured_media":0,"parent":0,"menu_order":0,"comment_status":"closed","ping_status":"closed","template":"elementor_header_footer","meta":{"footnotes":""},"class_list":["post-3","page","type-page","status-publish","hentry"],"yoast_head":"<!-- This site is optimized with the Yoast SEO plugin v27.4 - https:\/\/yoast.com\/product\/yoast-seo-wordpress\/ -->\n<title>Declara\u00e7\u00e3o de Privacidade - Unique<\/title>\n<meta name=\"robots\" content=\"index, follow, max-snippet:-1, max-image-preview:large, max-video-preview:-1\" \/>\n<link rel=\"canonical\" href=\"https:\/\/uniquemadeira.pt\/en\/privacidade\/\" \/>\n<meta property=\"og:locale\" content=\"en_GB\" \/>\n<meta property=\"og:type\" content=\"article\" \/>\n<meta property=\"og:title\" content=\"Declara\u00e7\u00e3o de Privacidade - Unique\" \/>\n<meta property=\"og:description\" content=\"A sua privacidade \u00e9 importante para n\u00f3s. \u00c9 pol\u00edtica da Unique Properties Madeira respeitar a sua privacidade em rela\u00e7\u00e3o a qualquer informa\u00e7\u00e3o que seja recolhida no site\u00a0Unique Properties Madeira, e outros sites que possu\u00edmos e operamos. Solicitamos informa\u00e7\u00f5es pessoais apenas quando realmente precisamos das mesmas para lhe fornecer um servi\u00e7o. Fazemo-lo por meios justos e [&hellip;]\" \/>\n<meta property=\"og:url\" content=\"https:\/\/uniquemadeira.pt\/en\/privacidade\/\" \/>\n<meta property=\"og:site_name\" content=\"Unique\" \/>\n<meta property=\"article:publisher\" content=\"https:\/\/www.facebook.com\/uniquemadeira.pt\" \/>\n<meta property=\"article:modified_time\" content=\"2025-03-25T15:25:10+00:00\" \/>\n<meta name=\"twitter:card\" content=\"summary_large_image\" \/>\n<meta name=\"twitter:label1\" content=\"Estimated reading time\" \/>\n\t<meta name=\"twitter:data1\" content=\"2 minutes\" \/>\n<script type=\"application\/ld+json\" class=\"yoast-schema-graph\">{\"@context\":\"https:\\\/\\\/schema.org\",\"@graph\":[{\"@type\":\"WebPage\",\"@id\":\"https:\\\/\\\/uniquemadeira.pt\\\/privacidade\\\/\",\"url\":\"https:\\\/\\\/uniquemadeira.pt\\\/privacidade\\\/\",\"name\":\"Declara\u00e7\u00e3o de Privacidade - Unique\",\"isPartOf\":{\"@id\":\"https:\\\/\\\/uniquemadeira.pt\\\/#website\"},\"datePublished\":\"2025-01-28T12:41:17+00:00\",\"dateModified\":\"2025-03-25T15:25:10+00:00\",\"breadcrumb\":{\"@id\":\"https:\\\/\\\/uniquemadeira.pt\\\/privacidade\\\/#breadcrumb\"},\"inLanguage\":\"en-GB\",\"potentialAction\":[{\"@type\":\"ReadAction\",\"target\":[\"https:\\\/\\\/uniquemadeira.pt\\\/privacidade\\\/\"]}]},{\"@type\":\"BreadcrumbList\",\"@id\":\"https:\\\/\\\/uniquemadeira.pt\\\/privacidade\\\/#breadcrumb\",\"itemListElement\":[{\"@type\":\"ListItem\",\"position\":1,\"name\":\"In\u00edcio\",\"item\":\"https:\\\/\\\/uniquemadeira.pt\\\/\"},{\"@type\":\"ListItem\",\"position\":2,\"name\":\"Declara\u00e7\u00e3o de Privacidade\"}]},{\"@type\":\"WebSite\",\"@id\":\"https:\\\/\\\/uniquemadeira.pt\\\/#website\",\"url\":\"https:\\\/\\\/uniquemadeira.pt\\\/\",\"name\":\"Unique Properties Madeira\",\"description\":\"Properties Madeira\",\"publisher\":{\"@id\":\"https:\\\/\\\/uniquemadeira.pt\\\/#organization\"},\"potentialAction\":[{\"@type\":\"SearchAction\",\"target\":{\"@type\":\"EntryPoint\",\"urlTemplate\":\"https:\\\/\\\/uniquemadeira.pt\\\/?s={search_term_string}\"},\"query-input\":{\"@type\":\"PropertyValueSpecification\",\"valueRequired\":true,\"valueName\":\"search_term_string\"}}],\"inLanguage\":\"en-GB\"},{\"@type\":\"Organization\",\"@id\":\"https:\\\/\\\/uniquemadeira.pt\\\/#organization\",\"name\":\"Unique Properties Madeira\",\"url\":\"https:\\\/\\\/uniquemadeira.pt\\\/\",\"logo\":{\"@type\":\"ImageObject\",\"inLanguage\":\"en-GB\",\"@id\":\"https:\\\/\\\/uniquemadeira.pt\\\/#\\\/schema\\\/logo\\\/image\\\/\",\"url\":\"https:\\\/\\\/uniquemadeira.pt\\\/wp-content\\\/uploads\\\/2025\\\/03\\\/cropped-Profile.png\",\"contentUrl\":\"https:\\\/\\\/uniquemadeira.pt\\\/wp-content\\\/uploads\\\/2025\\\/03\\\/cropped-Profile.png\",\"width\":512,\"height\":512,\"caption\":\"Unique Properties Madeira\"},\"image\":{\"@id\":\"https:\\\/\\\/uniquemadeira.pt\\\/#\\\/schema\\\/logo\\\/image\\\/\"},\"sameAs\":[\"https:\\\/\\\/www.facebook.com\\\/uniquemadeira.pt\"]}]}<\/script>\n<!-- \/ Yoast SEO plugin. -->","yoast_head_json":{"title":"Declara\u00e7\u00e3o de Privacidade - Unique","robots":{"index":"index","follow":"follow","max-snippet":"max-snippet:-1","max-image-preview":"max-image-preview:large","max-video-preview":"max-video-preview:-1"},"canonical":"https:\/\/uniquemadeira.pt\/en\/privacidade\/","og_locale":"en_GB","og_type":"article","og_title":"Declara\u00e7\u00e3o de Privacidade - Unique","og_description":"A sua privacidade \u00e9 importante para n\u00f3s. \u00c9 pol\u00edtica da Unique Properties Madeira respeitar a sua privacidade em rela\u00e7\u00e3o a qualquer informa\u00e7\u00e3o que seja recolhida no site\u00a0Unique Properties Madeira, e outros sites que possu\u00edmos e operamos. Solicitamos informa\u00e7\u00f5es pessoais apenas quando realmente precisamos das mesmas para lhe fornecer um servi\u00e7o. Fazemo-lo por meios justos e [&hellip;]","og_url":"https:\/\/uniquemadeira.pt\/en\/privacidade\/","og_site_name":"Unique","article_publisher":"https:\/\/www.facebook.com\/uniquemadeira.pt","article_modified_time":"2025-03-25T15:25:10+00:00","twitter_card":"summary_large_image","twitter_misc":{"Estimated reading time":"2 minutes"},"schema":{"@context":"https:\/\/schema.org","@graph":[{"@type":"WebPage","@id":"https:\/\/uniquemadeira.pt\/privacidade\/","url":"https:\/\/uniquemadeira.pt\/privacidade\/","name":"Declara\u00e7\u00e3o de Privacidade - Unique","isPartOf":{"@id":"https:\/\/uniquemadeira.pt\/#website"},"datePublished":"2025-01-28T12:41:17+00:00","dateModified":"2025-03-25T15:25:10+00:00","breadcrumb":{"@id":"https:\/\/uniquemadeira.pt\/privacidade\/#breadcrumb"},"inLanguage":"en-GB","potentialAction":[{"@type":"ReadAction","target":["https:\/\/uniquemadeira.pt\/privacidade\/"]}]},{"@type":"BreadcrumbList","@id":"https:\/\/uniquemadeira.pt\/privacidade\/#breadcrumb","itemListElement":[{"@type":"ListItem","position":1,"name":"In\u00edcio","item":"https:\/\/uniquemadeira.pt\/"},{"@type":"ListItem","position":2,"name":"Declara\u00e7\u00e3o de Privacidade"}]},{"@type":"WebSite","@id":"https:\/\/uniquemadeira.pt\/#website","url":"https:\/\/uniquemadeira.pt\/","name":"Unique Properties Madeira","description":"Properties Madeira","publisher":{"@id":"https:\/\/uniquemadeira.pt\/#organization"},"potentialAction":[{"@type":"SearchAction","target":{"@type":"EntryPoint","urlTemplate":"https:\/\/uniquemadeira.pt\/?s={search_term_string}"},"query-input":{"@type":"PropertyValueSpecification","valueRequired":true,"valueName":"search_term_string"}}],"inLanguage":"en-GB"},{"@type":"Organization","@id":"https:\/\/uniquemadeira.pt\/#organization","name":"Unique Properties Madeira","url":"https:\/\/uniquemadeira.pt\/","logo":{"@type":"ImageObject","inLanguage":"en-GB","@id":"https:\/\/uniquemadeira.pt\/#\/schema\/logo\/image\/","url":"https:\/\/uniquemadeira.pt\/wp-content\/uploads\/2025\/03\/cropped-Profile.png","contentUrl":"https:\/\/uniquemadeira.pt\/wp-content\/uploads\/2025\/03\/cropped-Profile.png","width":512,"height":512,"caption":"Unique Properties Madeira"},"image":{"@id":"https:\/\/uniquemadeira.pt\/#\/schema\/logo\/image\/"},"sameAs":["https:\/\/www.facebook.com\/uniquemadeira.pt"]}]}},"_links":{"self":[{"href":"https:\/\/uniquemadeira.pt\/en\/wp-json\/wp\/v2\/pages\/3","targetHints":{"allow":["GET"]}}],"collection":[{"href":"https:\/\/uniquemadeira.pt\/en\/wp-json\/wp\/v2\/pages"}],"about":[{"href":"https:\/\/uniquemadeira.pt\/en\/wp-json\/wp\/v2\/types\/page"}],"author":[{"embeddable":true,"href":"https:\/\/uniquemadeira.pt\/en\/wp-json\/wp\/v2\/users\/22"}],"replies":[{"embeddable":true,"href":"https:\/\/uniquemadeira.pt\/en\/wp-json\/wp\/v2\/comments?post=3"}],"version-history":[{"count":0,"href":"https:\/\/uniquemadeira.pt\/en\/wp-json\/wp\/v2\/pages\/3\/revisions"}],"wp:attachment":[{"href":"https:\/\/uniquemadeira.pt\/en\/wp-json\/wp\/v2\/media?parent=3"}],"curies":[{"name":"wp","href":"https:\/\/api.w.org\/{rel}","templated":true}]}}